{"id":17,"date":"2025-01-09T15:48:26","date_gmt":"2025-01-09T14:48:26","guid":{"rendered":"https:\/\/leramier-restaurant.com\/?page_id=17"},"modified":"2026-02-16T15:58:19","modified_gmt":"2026-02-16T14:58:19","slug":"restaurant","status":"publish","type":"page","link":"https:\/\/leramier-restaurant.com\/","title":{"rendered":"Accueil"},"content":{"rendered":"\n<figure itemscope itemtype=\"https:\/\/schema.org\/ImageObject\">\n\t\t\t\t<img decoding=\"async\" src=\"https:\/\/leramier-restaurant.com\/wp-content\/uploads\/2025\/09\/Capture-decran-2025-09-16-a-18.15.18.png\" alt=\"Capture d'e\u0301cran 2025-09-16 a\u0300 18.15.18\" height=\"485\" width=\"912\" title=\"Capture d'e\u0301cran 2025-09-16 a\u0300 18.15.18\" onerror=\"this.style.display='none'\" loading=\"lazy\" \/>\n\t<\/figure>\n\t<p><strong data-start=\"71\" data-end=\"139\">Au Ramier, la gourmandise se vit \u00e0 chaque instant de la journ\u00e9e.<\/strong><br data-start=\"139\" data-end=\"142\" \/>Du petit-d\u00e9jeuner au brunch du dimanche, en passant par le d\u00e9jeuner en semaine et le d\u00eener en soir\u00e9e, notre offre de restauration s&rsquo;adapte \u00e0 toutes les envies et \u00e0 tous les rythmes. Accessible \u00e0 tous, elle r\u00e9pond aux attentes de chacun, \u00e0 tout moment.<\/p>\n\t\t\t<a href=\"https:\/\/widget.thefork.com\/fr\/d06daa9f-fc38-448c-aeca-fc4b951a3a26?utm_source=leramier.com\"  target=\"_blank\" rel=\"noopener\"    rel=\"noopener\">\n\t\t\t\t\t\t\tR\u00e9server\n\t\t\t\t\t<\/a>\n\t\t\t<a href=\"https:\/\/drawinghotelscollection.bonkdo.com\/fr\/\"  target=\"_blank\" rel=\"noopener\"    rel=\"noopener\">\n\t\t\t\t\t\t\tBon cadeau\n\t\t\t\t\t<\/a>\n<figure itemscope itemtype=\"https:\/\/schema.org\/ImageObject\">\n\t\t\t\t<img decoding=\"async\" src=\"https:\/\/leramier-restaurant.com\/wp-content\/uploads\/2025\/09\/Capture-decran-2025-09-09-a-17.49.34.png\" alt=\"Capture d'e\u0301cran 2025-09-09 a\u0300 17.49.34\" height=\"1510\" width=\"2442\" title=\"Capture d'e\u0301cran 2025-09-09 a\u0300 17.49.34\" onerror=\"this.style.display='none'\" loading=\"lazy\" \/>\n\t<\/figure>\n<h2>\n\t\t\tD\u00e9jeuner AU Ramier\t<\/h2>\n\t<p>Venez appr\u00e9cier une s\u00e9lection de plats de saison, fait-maison cuisin\u00e9s par notre chef Aur\u00e9lien ainsi que de d\u00e9licieuse p\u00e2tisseries concoct\u00e9es par notre cheffe p\u00e2tissi\u00e8re Perrine.<\/p>\n<h2>\n\t\t\tHoraires\t<\/h2>\n\t<p>D\u00e9jeuner du lundi au samedi 12h &#8211; 14h<\/p>\n\t\t\t<a href=\"https:\/\/360.agencewebcom.com\/uploads\/api\/site-680\/ckeditor\/MENUS\/MENU%20SEMAINE\/Menu-semaine.pdf\"  target=\"_blank\" rel=\"noopener\"    rel=\"noopener\">\n\t\t\t\t\t\t\tMENU DE LA SEMAINE\n\t\t\t\t\t<\/a>\n\t\t\t<a href=\"https:\/\/360.agencewebcom.com\/uploads\/api\/site-680\/ckeditor\/MENUS\/CARTE%20RESTAU\/Menu-DrawingHouse.pdf\"  target=\"_blank\" rel=\"noopener\"    rel=\"noopener\">\n\t\t\t\t\t\t\tLa carte\n\t\t\t\t\t<\/a>\n\t\t\t<a href=\"https:\/\/widget.thefork.com\/fr\/d06daa9f-fc38-448c-aeca-fc4b951a3a26?utm_source=drawinghouse.com\"  target=\"_blank\" rel=\"noopener\"    rel=\"noopener\">\n\t\t\t\t\t\t\tR\u00e9server\n\t\t\t\t\t<\/a>\n<h2>\n\t\t\tD\u00eener AU Ramier\t<\/h2>\n\t<p>Venez appr\u00e9cier une s\u00e9lection de plats de saison, fait-maison cuisin\u00e9s par notre chef Aur\u00e9lien ainsi que de d\u00e9licieuse p\u00e2tisseries concoct\u00e9es par notre cheffe p\u00e2tissi\u00e8re Perrine.<\/p>\n<h2>\n\t\t\tHoraires\t<\/h2>\n\t<p>D\u00eener du lundi au dimanche<\/p>\n<p>19h &#8211; 22h30<\/p>\n\t\t\t<a href=\"https:\/\/360.agencewebcom.com\/uploads\/api\/site-680\/ckeditor\/MENUS\/CARTE%20RESTAU\/Menu-DrawingHouse.pdf\"  target=\"_blank\" rel=\"noopener\"    rel=\"noopener\">\n\t\t\t\t\t\t\tLa carte\n\t\t\t\t\t<\/a>\n\t\t\t<a href=\"https:\/\/widget.thefork.com\/fr\/d06daa9f-fc38-448c-aeca-fc4b951a3a26?utm_source=drawinghouse.com\"  target=\"_blank\" rel=\"noopener\"    rel=\"noopener\">\n\t\t\t\t\t\t\tR\u00e9server\n\t\t\t\t\t<\/a>\n<figure itemscope itemtype=\"https:\/\/schema.org\/ImageObject\">\n\t\t\t\t<img decoding=\"async\" src=\"https:\/\/leramier-restaurant.com\/wp-content\/uploads\/2025\/09\/Capture-decran-2025-09-09-a-18.12.50.png\" alt=\"Capture d'e\u0301cran 2025-09-09 a\u0300 18.12.50\" height=\"1294\" width=\"1300\" title=\"Capture d'e\u0301cran 2025-09-09 a\u0300 18.12.50\" onerror=\"this.style.display='none'\" loading=\"lazy\" \/>\n\t<\/figure>\n<figure itemscope itemtype=\"https:\/\/schema.org\/ImageObject\">\n\t\t\t\t<img decoding=\"async\" src=\"https:\/\/leramier-restaurant.com\/wp-content\/uploads\/2025\/09\/Drawing_House_Brunch_01_Yoann_Gloaguen.jpg\" alt=\"Drawing_House_Brunch_01_Yoann_Gloaguen\" height=\"2048\" width=\"1638\" title=\"Drawing_House_Brunch_01_Yoann_Gloaguen\" onerror=\"this.style.display='none'\" loading=\"lazy\" \/>\n\t<\/figure>\n<h2>\n\t\t\tle week-end au ramier\t<\/h2>\n\t<p>Les samedis et dimanches, nous vous invitons \u00e0 savourer un d\u00e9licieux brunch !<\/p>\n<h2>\n\t\t\tHoraires\t<\/h2>\n\tSamedi 12h &#8211; 15h30 (service continu) <strong>34\u20ac<\/strong><br \/>\nDimanche deux services 12h \/ 14h <strong>44\u20ac\u00a0<\/strong><br \/>\nEnfant de -12ans <strong>20\u20ac<\/strong>\n\t\t\t<a href=\"https:\/\/360.agencewebcom.com\/uploads\/api\/site-680\/ckeditor\/MENUS\/BRUNCH\/Brunch-DrawingHouse-FR.pdf\"  target=\"_blank\" rel=\"noopener\"    rel=\"noopener\">\n\t\t\t\t\t\t\tCarte du brunch\n\t\t\t\t\t<\/a>\n\t\t\t<a href=\"https:\/\/widget.thefork.com\/fr\/d06daa9f-fc38-448c-aeca-fc4b951a3a26?utm_source=drawinghouse.com\"  target=\"_blank\" rel=\"noopener\"    rel=\"noopener\">\n\t\t\t\t\t\t\tR\u00e9server\n\t\t\t\t\t<\/a>\n<h2>\n\t\t\tLes Snacks\t<\/h2>\n<h2>\n\t\t\tHoraires\t<\/h2>\n\t\n<p>Tous les jours de 12h \u00e0 22h45<\/p>\n\t\t\t<a href=\"https:\/\/360.agencewebcom.com\/uploads\/api\/site-680\/ckeditor\/snacks.png\"  target=\"_blank\" rel=\"noopener\"    rel=\"noopener\">\n\t\t\t\t\t\t\tCarte des snacks\n\t\t\t\t\t<\/a>\n<figure itemscope itemtype=\"https:\/\/schema.org\/ImageObject\">\n\t\t\t\t<img decoding=\"async\" src=\"https:\/\/leramier-restaurant.com\/wp-content\/uploads\/2025\/09\/Capture-decran-2025-09-16-a-18.13.57.png\" alt=\"Capture d'e\u0301cran 2025-09-16 a\u0300 18.13.57\" height=\"1136\" width=\"1804\" title=\"Capture d'e\u0301cran 2025-09-16 a\u0300 18.13.57\" onerror=\"this.style.display='none'\" loading=\"lazy\" \/>\n\t<\/figure>\n<figure itemscope itemtype=\"https:\/\/schema.org\/ImageObject\">\n\t\t\t\t<img decoding=\"async\" src=\"https:\/\/leramier-restaurant.com\/wp-content\/uploads\/2025\/09\/Capture-decran-2025-09-09-a-18.03.20.png\" alt=\"Capture d'e\u0301cran 2025-09-09 a\u0300 18.03.20\" height=\"436\" width=\"511\" title=\"Capture d'e\u0301cran 2025-09-09 a\u0300 18.03.20\" onerror=\"this.style.display='none'\" loading=\"lazy\" \/>\n\t<\/figure>\n<h2>\n\t\t\tLe Bar\t<\/h2>\n\t<p>Le bar du Drawing House se m\u00e9tamorphose tout au long de la journ\u00e9e.<\/p>\n<p>Vous \u00eates accueillis d\u00e8s 12h dans ce lieu convivial qui se m\u00e9tamorphose tout au long de la journ\u00e9e. \u00c0 partir de 15h, le bar devient un salon de th\u00e9 avant de se transformer aux premi\u00e8res heures de la soir\u00e9e en lounge bar. Vous pourrez y savourer une s\u00e9lection de vins et de cocktails revisit\u00e9s.<\/p>\n<h2>\n\t\t\tHoraires\t<\/h2>\n\t<p>Tous les jours de 12h \u00e0 22h45<\/p>\n\t\t\t<a href=\"https:\/\/360.agencewebcom.com\/uploads\/api\/site-680\/ckeditor\/MENUS\/BAR%20ET%20VINS\/Carte-bar-vins.pdf\"  target=\"_blank\" rel=\"noopener\"    rel=\"noopener\">\n\t\t\t\t\t\t\tCarte du bar et des vins\n\t\t\t\t\t<\/a>\n<figure itemscope itemtype=\"https:\/\/schema.org\/ImageObject\">\n\t\t\t\t<img decoding=\"async\" src=\"https:\/\/leramier-restaurant.com\/wp-content\/uploads\/2025\/04\/cropped-navLOGO_PIGEON-300x300.png\" alt=\"https:\/\/leramier-restaurant.com\/wp-content\/uploads\/2025\/04\/cropped-navLOGO_PIGEON.png\" height=\"300\" width=\"300\" title=\"cropped-navLOGO_PIGEON.png\" onerror=\"this.style.display='none'\" loading=\"lazy\" \/>\n\t<\/figure>\n\t+33 (0) 1 89 89 27 27\u00a0 \u2022 resa@leramier-restaurant.com<br \/>\n21 rue Vercing\u00e9torix &#8211; 75014 Paris\n<p><a href=\"https:\/\/www.instagram.com\/leramier_restaurant\/\">@leramier-restaurant<\/a><\/p>\n\t<iframe src=\"https:\/\/www.google.com\/maps\/embed\/v1\/place?q=21+rue+Vercingetorix%2C+75014+Paris&#038;key=AIzaSyD09zQ9PNDNNy9TadMuzRV_UsPUoWKntt8\" aria-hidden=\"true\"><\/iframe>\n\t\t\t<a href=\"https:\/\/www.drawinghouse.com\/\"  target=\"_blank\" rel=\"noopener\"    rel=\"noopener\">\n\t\t\t\t\t\t\tDrawing House\n\t\t\t\t\t<\/a>\n\t<p>Membre de la <strong>DRAWING<\/strong> HOTELS COLLECTION<\/p>\n\n","protected":false},"excerpt":{"rendered":"<p>Au Ramier, la gourmandise se vit \u00e0 chaque instant de la journ\u00e9e.Du petit-d\u00e9jeuner au brunch du dimanche, en passant par le d\u00e9jeuner en semaine et le d\u00eener en soir\u00e9e, notre offre de restauration s&rsquo;adapte \u00e0 toutes les envies et \u00e0 tous les rythmes. Accessible \u00e0 tous, elle r\u00e9pond aux attentes de chacun, \u00e0 tout moment.&hellip;<\/p>\n","protected":false},"author":1,"featured_media":0,"parent":0,"menu_order":0,"comment_status":"closed","ping_status":"closed","template":"","meta":{"footnotes":""},"class_list":["post-17","page","type-page","status-publish","hentry"],"yoast_head":"<!-- This site is optimized with the Yoast SEO plugin v27.0 - https:\/\/yoast.com\/product\/yoast-seo-wordpress\/ -->\n<title>Accueil - Le Ramier<\/title>\n<meta name=\"description\" content=\"Le Ramier restaurant vous accueille tous les jours pr\u00e8s de Montparnasse, du petit-d\u00e9jeuner au d\u00eener en passant par un d\u00e9licieux brunch.\" \/>\n<meta name=\"robots\" content=\"index, follow, max-snippet:-1, max-image-preview:large, max-video-preview:-1\" \/>\n<link rel=\"canonical\" href=\"https:\/\/leramier-restaurant.com\/\" \/>\n<meta property=\"og:locale\" content=\"fr_FR\" \/>\n<meta property=\"og:type\" content=\"article\" \/>\n<meta property=\"og:title\" content=\"Accueil - Le Ramier\" \/>\n<meta property=\"og:description\" content=\"Le Ramier restaurant vous accueille tous les jours pr\u00e8s de Montparnasse, du petit-d\u00e9jeuner au d\u00eener en passant par un d\u00e9licieux brunch.\" \/>\n<meta property=\"og:url\" content=\"https:\/\/leramier-restaurant.com\/\" \/>\n<meta property=\"og:site_name\" content=\"Le Ramier\" \/>\n<meta property=\"article:modified_time\" content=\"2026-02-16T14:58:19+00:00\" \/>\n<meta property=\"og:image\" content=\"https:\/\/leramier-restaurant.com\/wp-content\/uploads\/2025\/09\/Capture-decran-2025-09-16-a-18.15.18.png\" \/>\n<meta name=\"twitter:card\" content=\"summary_large_image\" \/>\n<meta name=\"twitter:label1\" content=\"Dur\u00e9e de lecture estim\u00e9e\" \/>\n\t<meta name=\"twitter:data1\" content=\"4 minutes\" \/>\n<script type=\"application\/ld+json\" class=\"yoast-schema-graph\">{\"@context\":\"https:\/\/schema.org\",\"@graph\":[{\"@type\":\"WebPage\",\"@id\":\"https:\/\/leramier-restaurant.com\/\",\"url\":\"https:\/\/leramier-restaurant.com\/\",\"name\":\"Accueil - Le Ramier\",\"isPartOf\":{\"@id\":\"https:\/\/leramier-restaurant.com\/#website\"},\"primaryImageOfPage\":{\"@id\":\"https:\/\/leramier-restaurant.com\/#primaryimage\"},\"image\":{\"@id\":\"https:\/\/leramier-restaurant.com\/#primaryimage\"},\"thumbnailUrl\":\"https:\/\/leramier-restaurant.com\/wp-content\/uploads\/2025\/09\/Capture-decran-2025-09-16-a-18.15.18.png\",\"datePublished\":\"2025-01-09T14:48:26+00:00\",\"dateModified\":\"2026-02-16T14:58:19+00:00\",\"description\":\"Le Ramier restaurant vous accueille tous les jours pr\u00e8s de Montparnasse, du petit-d\u00e9jeuner au d\u00eener en passant par un d\u00e9licieux brunch.\",\"breadcrumb\":{\"@id\":\"https:\/\/leramier-restaurant.com\/#breadcrumb\"},\"inLanguage\":\"fr-FR\",\"potentialAction\":[{\"@type\":\"ReadAction\",\"target\":[\"https:\/\/leramier-restaurant.com\/\"]}]},{\"@type\":\"ImageObject\",\"inLanguage\":\"fr-FR\",\"@id\":\"https:\/\/leramier-restaurant.com\/#primaryimage\",\"url\":\"https:\/\/leramier-restaurant.com\/wp-content\/uploads\/2025\/09\/Capture-decran-2025-09-16-a-18.15.18.png\",\"contentUrl\":\"https:\/\/leramier-restaurant.com\/wp-content\/uploads\/2025\/09\/Capture-decran-2025-09-16-a-18.15.18.png\",\"width\":912,\"height\":485},{\"@type\":\"BreadcrumbList\",\"@id\":\"https:\/\/leramier-restaurant.com\/#breadcrumb\",\"itemListElement\":[{\"@type\":\"ListItem\",\"position\":1,\"name\":\"Accueil\",\"item\":\"https:\/\/leramier-restaurant.com\/\"},{\"@type\":\"ListItem\",\"position\":2,\"name\":\"Accueil\"}]},{\"@type\":\"WebSite\",\"@id\":\"https:\/\/leramier-restaurant.com\/#website\",\"url\":\"https:\/\/leramier-restaurant.com\/\",\"name\":\"Le Ramier\",\"description\":\"Cuisine authentique, 100% fran\u00e7aise\",\"publisher\":{\"@id\":\"https:\/\/leramier-restaurant.com\/#organization\"},\"potentialAction\":[{\"@type\":\"SearchAction\",\"target\":{\"@type\":\"EntryPoint\",\"urlTemplate\":\"https:\/\/leramier-restaurant.com\/?s={search_term_string}\"},\"query-input\":{\"@type\":\"PropertyValueSpecification\",\"valueRequired\":true,\"valueName\":\"search_term_string\"}}],\"inLanguage\":\"fr-FR\"},{\"@type\":\"Organization\",\"@id\":\"https:\/\/leramier-restaurant.com\/#organization\",\"name\":\"Le Ramier\",\"url\":\"https:\/\/leramier-restaurant.com\/\",\"logo\":{\"@type\":\"ImageObject\",\"inLanguage\":\"fr-FR\",\"@id\":\"https:\/\/leramier-restaurant.com\/#\/schema\/logo\/image\/\",\"url\":\"https:\/\/leramier-restaurant.com\/wp-content\/uploads\/2025\/04\/Pigeon_LeRamier-DrawingHouse.png\",\"contentUrl\":\"https:\/\/leramier-restaurant.com\/wp-content\/uploads\/2025\/04\/Pigeon_LeRamier-DrawingHouse.png\",\"width\":11820,\"height\":12396,\"caption\":\"Le Ramier\"},\"image\":{\"@id\":\"https:\/\/leramier-restaurant.com\/#\/schema\/logo\/image\/\"},\"sameAs\":[\"https:\/\/www.instagram.com\/leramier_restaurant\/\"]}]}<\/script>\n<!-- \/ Yoast SEO plugin. -->","yoast_head_json":{"title":"Accueil - Le Ramier","description":"Le Ramier restaurant vous accueille tous les jours pr\u00e8s de Montparnasse, du petit-d\u00e9jeuner au d\u00eener en passant par un d\u00e9licieux brunch.","robots":{"index":"index","follow":"follow","max-snippet":"max-snippet:-1","max-image-preview":"max-image-preview:large","max-video-preview":"max-video-preview:-1"},"canonical":"https:\/\/leramier-restaurant.com\/","og_locale":"fr_FR","og_type":"article","og_title":"Accueil - Le Ramier","og_description":"Le Ramier restaurant vous accueille tous les jours pr\u00e8s de Montparnasse, du petit-d\u00e9jeuner au d\u00eener en passant par un d\u00e9licieux brunch.","og_url":"https:\/\/leramier-restaurant.com\/","og_site_name":"Le Ramier","article_modified_time":"2026-02-16T14:58:19+00:00","og_image":[{"url":"https:\/\/leramier-restaurant.com\/wp-content\/uploads\/2025\/09\/Capture-decran-2025-09-16-a-18.15.18.png","type":"","width":"","height":""}],"twitter_card":"summary_large_image","twitter_misc":{"Dur\u00e9e de lecture estim\u00e9e":"4 minutes"},"schema":{"@context":"https:\/\/schema.org","@graph":[{"@type":"WebPage","@id":"https:\/\/leramier-restaurant.com\/","url":"https:\/\/leramier-restaurant.com\/","name":"Accueil - Le Ramier","isPartOf":{"@id":"https:\/\/leramier-restaurant.com\/#website"},"primaryImageOfPage":{"@id":"https:\/\/leramier-restaurant.com\/#primaryimage"},"image":{"@id":"https:\/\/leramier-restaurant.com\/#primaryimage"},"thumbnailUrl":"https:\/\/leramier-restaurant.com\/wp-content\/uploads\/2025\/09\/Capture-decran-2025-09-16-a-18.15.18.png","datePublished":"2025-01-09T14:48:26+00:00","dateModified":"2026-02-16T14:58:19+00:00","description":"Le Ramier restaurant vous accueille tous les jours pr\u00e8s de Montparnasse, du petit-d\u00e9jeuner au d\u00eener en passant par un d\u00e9licieux brunch.","breadcrumb":{"@id":"https:\/\/leramier-restaurant.com\/#breadcrumb"},"inLanguage":"fr-FR","potentialAction":[{"@type":"ReadAction","target":["https:\/\/leramier-restaurant.com\/"]}]},{"@type":"ImageObject","inLanguage":"fr-FR","@id":"https:\/\/leramier-restaurant.com\/#primaryimage","url":"https:\/\/leramier-restaurant.com\/wp-content\/uploads\/2025\/09\/Capture-decran-2025-09-16-a-18.15.18.png","contentUrl":"https:\/\/leramier-restaurant.com\/wp-content\/uploads\/2025\/09\/Capture-decran-2025-09-16-a-18.15.18.png","width":912,"height":485},{"@type":"BreadcrumbList","@id":"https:\/\/leramier-restaurant.com\/#breadcrumb","itemListElement":[{"@type":"ListItem","position":1,"name":"Accueil","item":"https:\/\/leramier-restaurant.com\/"},{"@type":"ListItem","position":2,"name":"Accueil"}]},{"@type":"WebSite","@id":"https:\/\/leramier-restaurant.com\/#website","url":"https:\/\/leramier-restaurant.com\/","name":"Le Ramier","description":"Cuisine authentique, 100% fran\u00e7aise","publisher":{"@id":"https:\/\/leramier-restaurant.com\/#organization"},"potentialAction":[{"@type":"SearchAction","target":{"@type":"EntryPoint","urlTemplate":"https:\/\/leramier-restaurant.com\/?s={search_term_string}"},"query-input":{"@type":"PropertyValueSpecification","valueRequired":true,"valueName":"search_term_string"}}],"inLanguage":"fr-FR"},{"@type":"Organization","@id":"https:\/\/leramier-restaurant.com\/#organization","name":"Le Ramier","url":"https:\/\/leramier-restaurant.com\/","logo":{"@type":"ImageObject","inLanguage":"fr-FR","@id":"https:\/\/leramier-restaurant.com\/#\/schema\/logo\/image\/","url":"https:\/\/leramier-restaurant.com\/wp-content\/uploads\/2025\/04\/Pigeon_LeRamier-DrawingHouse.png","contentUrl":"https:\/\/leramier-restaurant.com\/wp-content\/uploads\/2025\/04\/Pigeon_LeRamier-DrawingHouse.png","width":11820,"height":12396,"caption":"Le Ramier"},"image":{"@id":"https:\/\/leramier-restaurant.com\/#\/schema\/logo\/image\/"},"sameAs":["https:\/\/www.instagram.com\/leramier_restaurant\/"]}]}},"_links":{"self":[{"href":"https:\/\/leramier-restaurant.com\/index.php\/wp-json\/wp\/v2\/pages\/17","targetHints":{"allow":["GET"]}}],"collection":[{"href":"https:\/\/leramier-restaurant.com\/index.php\/wp-json\/wp\/v2\/pages"}],"about":[{"href":"https:\/\/leramier-restaurant.com\/index.php\/wp-json\/wp\/v2\/types\/page"}],"author":[{"embeddable":true,"href":"https:\/\/leramier-restaurant.com\/index.php\/wp-json\/wp\/v2\/users\/1"}],"replies":[{"embeddable":true,"href":"https:\/\/leramier-restaurant.com\/index.php\/wp-json\/wp\/v2\/comments?post=17"}],"version-history":[{"count":11,"href":"https:\/\/leramier-restaurant.com\/index.php\/wp-json\/wp\/v2\/pages\/17\/revisions"}],"predecessor-version":[{"id":192,"href":"https:\/\/leramier-restaurant.com\/index.php\/wp-json\/wp\/v2\/pages\/17\/revisions\/192"}],"wp:attachment":[{"href":"https:\/\/leramier-restaurant.com\/index.php\/wp-json\/wp\/v2\/media?parent=17"}],"curies":[{"name":"wp","href":"https:\/\/api.w.org\/{rel}","templated":true}]}}